{"id":2717,"date":"2020-03-27T20:13:06","date_gmt":"2020-03-27T19:13:06","guid":{"rendered":"https:\/\/lesarchambaultdamerique.com\/biographies-dhier\/"},"modified":"2021-07-08T15:01:11","modified_gmt":"2021-07-08T19:01:11","slug":"from-the-past","status":"publish","type":"page","link":"https:\/\/lesarchambaultdamerique.com\/en\/from-the-past\/","title":{"rendered":"From the Past"},"content":{"rendered":"\n    \n    <section class=\"u-align-center u-clearfix u-color-scheme-u10 u-color-style-multicolor-1 u-image u-shading lazyload u-section-2\" id=\"sec-938d\" data-image-width=\"1280\" data-image-height=\"908\" data-bg=\"url(&quot;https:\/\/lesarchambaultdamerique.com\/wp-content\/uploads\/2020\/08\/57e0d2474b51ad14f6da8c7dda79367d1d38d6ed5b586c4870267dd2924ecd58b1_1280.jpg&quot;)\">\n      <div class=\"u-clearfix u-sheet u-valign-middle u-sheet-1\">\n        <h3 class=\"u-text u-text-1\">From the past<\/h3>\n        <p class=\"u-text u-text-2\">Les Archambault d'Am\u00e9rique, a guardian of the past, looking to the future ! <\/p>\n      <\/div>\n    <\/section>\n    <section class=\"u-clearfix u-section-3\" id=\"sec-2968\">\n      <div class=\"u-clearfix u-sheet u-valign-bottom u-sheet-1\">\n        <div  class=\"u-custom-php u-expanded-width u-custom-php-1\">\r\n<div id=\"wpnaw-news-1\" class=\"wpnaw-wrap wpnaw-news-grid-main design-12 wpnaw-grid-3  wpnaw-image-fit wpnaw-clearfix\">\r\n\t\r\n<div class=\"wpnaw-news-grid wpnaw-news-inner-wrap wpnews-medium-4 wpnews-columns  wpnw-first\">\r\n\t<div class=\"wpnaw-news-grid-content \">\r\n\t\t\t\t\t<div class=\"wpnaw-news-image-bg\" style=\"\">\r\n\t\t\t\t<a href=\"https:\/\/lesarchambaultdamerique.com\/en\/news\/brigadier-general-claude-archambault-o-m-m-c-d\/\" target=\"_self\">\r\n\t\t\t\t\t<img decoding=\"async\" class=\"wpnaw-post-img\" src=\"https:\/\/lesarchambaultdamerique.com\/wp-content\/uploads\/2023\/11\/BG-Claude-Archambault.jpg\" alt=\"Brigadier-General Claude Archambault O.M.M., C.D.\" \/>\r\n\t\t\t\t<\/a>\r\n\t\t\t<\/div>\r\n\t\t\t\t\t<h2 class=\"wpnaw-news-title\">\r\n\t\t\t\t<a href=\"https:\/\/lesarchambaultdamerique.com\/en\/news\/brigadier-general-claude-archambault-o-m-m-c-d\/\" target=\"_self\">Brigadier-General Claude Archambault O.M.M., C.D.<\/a>\r\n\t\t\t<\/h2>\r\n\t\t\t\t\t<div class=\"wpnaw-news-content\">\r\n\t\t\t\t\t\t\t\t\t<div class=\"wpnaw-news-short-content\">Brigadier-General Claude Archambault O.M.M., C.D.* (1942-2022) (Inspired by the article in bulletin no. 33, November 1993, page 8) Brigadier-General Claude...<\/div>\r\n\t\t\t\t\t\t\t\t\t\t\t\t\t<a href=\"https:\/\/lesarchambaultdamerique.com\/en\/news\/brigadier-general-claude-archambault-o-m-m-c-d\/\" target=\"_self\" class=\"readmorebtn\">Read More<\/a>\r\n\t\t\t\t\t\t\t\t\t<\/div>\r\n\t\t\t<\/div>\r\n<\/div>\r\n<div class=\"wpnaw-news-grid wpnaw-news-inner-wrap wpnews-medium-4 wpnews-columns \">\r\n\t<div class=\"wpnaw-news-grid-content \">\r\n\t\t\t\t\t<div class=\"wpnaw-news-image-bg\" style=\"\">\r\n\t\t\t\t<a href=\"https:\/\/lesarchambaultdamerique.com\/en\/news\/camille-archambault\/\" target=\"_self\">\r\n\t\t\t\t\t<img decoding=\"async\" class=\"wpnaw-post-img\" src=\"https:\/\/lesarchambaultdamerique.com\/wp-content\/uploads\/2020\/01\/CamilleImage.jpg\" alt=\"Camille Archambault\" \/>\r\n\t\t\t\t<\/a>\r\n\t\t\t<\/div>\r\n\t\t\t\t\t<h2 class=\"wpnaw-news-title\">\r\n\t\t\t\t<a href=\"https:\/\/lesarchambaultdamerique.com\/en\/news\/camille-archambault\/\" target=\"_self\">Camille Archambault<\/a>\r\n\t\t\t<\/h2>\r\n\t\t\t\t\t<div class=\"wpnaw-news-content\">\r\n\t\t\t\t\t\t\t\t\t<div class=\"wpnaw-news-short-content\">Our founder! Born in Montreal on July 23, 1918, to Joseph-No\u00ebl, a furniture merchant, and Hectorine Narbonne. Camille Archambault studied...<\/div>\r\n\t\t\t\t\t\t\t\t\t\t\t\t\t<a href=\"https:\/\/lesarchambaultdamerique.com\/en\/news\/camille-archambault\/\" target=\"_self\" class=\"readmorebtn\">Read More<\/a>\r\n\t\t\t\t\t\t\t\t\t<\/div>\r\n\t\t\t<\/div>\r\n<\/div>\r\n<div class=\"wpnaw-news-grid wpnaw-news-inner-wrap wpnews-medium-4 wpnews-columns  wpnw-last\">\r\n\t<div class=\"wpnaw-news-grid-content \">\r\n\t\t\t\t\t<div class=\"wpnaw-news-image-bg\" style=\"\">\r\n\t\t\t\t<a href=\"https:\/\/lesarchambaultdamerique.com\/en\/news\/jean-jacques-archambault\/\" target=\"_self\">\r\n\t\t\t\t\t<img decoding=\"async\" class=\"wpnaw-post-img\" src=\"https:\/\/lesarchambaultdamerique.com\/wp-content\/uploads\/2020\/01\/JeanJacquesImage.jpg\" alt=\"Jean-Jacques Archambault\" \/>\r\n\t\t\t\t<\/a>\r\n\t\t\t<\/div>\r\n\t\t\t\t\t<h2 class=\"wpnaw-news-title\">\r\n\t\t\t\t<a href=\"https:\/\/lesarchambaultdamerique.com\/en\/news\/jean-jacques-archambault\/\" target=\"_self\">Jean-Jacques Archambault<\/a>\r\n\t\t\t<\/h2>\r\n\t\t\t\t\t<div class=\"wpnaw-news-content\">\r\n\t\t\t\t\t\t\t\t\t<div class=\"wpnaw-news-short-content\">Our friend Jean-Jacques Jean-Jacques Archambault left us on December 23, 2001 at the age of 82. Very few people who...<\/div>\r\n\t\t\t\t\t\t\t\t\t\t\t\t\t<a href=\"https:\/\/lesarchambaultdamerique.com\/en\/news\/jean-jacques-archambault\/\" target=\"_self\" class=\"readmorebtn\">Read More<\/a>\r\n\t\t\t\t\t\t\t\t\t<\/div>\r\n\t\t\t<\/div>\r\n<\/div>\r\n<div class=\"wpnaw-news-grid wpnaw-news-inner-wrap wpnews-medium-4 wpnews-columns  wpnw-first\">\r\n\t<div class=\"wpnaw-news-grid-content \">\r\n\t\t\t\t\t<div class=\"wpnaw-news-image-bg\" style=\"\">\r\n\t\t\t\t<a href=\"https:\/\/lesarchambaultdamerique.com\/en\/news\/edmond-archambault\/\" target=\"_self\">\r\n\t\t\t\t\t<img decoding=\"async\" class=\"wpnaw-post-img\" src=\"https:\/\/lesarchambaultdamerique.com\/wp-content\/uploads\/2020\/01\/EdmondImage.jpg\" alt=\"Edmond Archambault\" \/>\r\n\t\t\t\t<\/a>\r\n\t\t\t<\/div>\r\n\t\t\t\t\t<h2 class=\"wpnaw-news-title\">\r\n\t\t\t\t<a href=\"https:\/\/lesarchambaultdamerique.com\/en\/news\/edmond-archambault\/\" target=\"_self\">Edmond Archambault<\/a>\r\n\t\t\t<\/h2>\r\n\t\t\t\t\t<div class=\"wpnaw-news-content\">\r\n\t\t\t\t\t\t\t\t\t<div class=\"wpnaw-news-short-content\">(1896-2006) ARCHAMBAULT MUSIQUE 110th Anniversary Archambault Musique was founded in Montreal in 1896 by Edmond Archambault, son of Z\u00e9phirin and...<\/div>\r\n\t\t\t\t\t\t\t\t\t\t\t\t\t<a href=\"https:\/\/lesarchambaultdamerique.com\/en\/news\/edmond-archambault\/\" target=\"_self\" class=\"readmorebtn\">Read More<\/a>\r\n\t\t\t\t\t\t\t\t\t<\/div>\r\n\t\t\t<\/div>\r\n<\/div>\r\n<div class=\"wpnaw-news-grid wpnaw-news-inner-wrap wpnews-medium-4 wpnews-columns \">\r\n\t<div class=\"wpnaw-news-grid-content \">\r\n\t\t\t\t\t<div class=\"wpnaw-news-image-bg\" style=\"\">\r\n\t\t\t\t<a href=\"https:\/\/lesarchambaultdamerique.com\/en\/news\/father-yvon-archambault\/\" target=\"_self\">\r\n\t\t\t\t\t<img decoding=\"async\" class=\"wpnaw-post-img\" src=\"https:\/\/lesarchambaultdamerique.com\/wp-content\/uploads\/2020\/11\/yvon.jpg\" alt=\"Father Yvon Archambault\" \/>\r\n\t\t\t\t<\/a>\r\n\t\t\t<\/div>\r\n\t\t\t\t\t<h2 class=\"wpnaw-news-title\">\r\n\t\t\t\t<a href=\"https:\/\/lesarchambaultdamerique.com\/en\/news\/father-yvon-archambault\/\" target=\"_self\">Father Yvon Archambault<\/a>\r\n\t\t\t<\/h2>\r\n\t\t\t\t\t<div class=\"wpnaw-news-content\">\r\n\t\t\t\t\t\t\t\t\t<div class=\"wpnaw-news-short-content\">Father Yvon Archambault Priest of Society of the Holy Apostles Born in Montr\u00e9al-Nord on October 17, 1940, Father Yvon is...<\/div>\r\n\t\t\t\t\t\t\t\t\t\t\t\t\t<a href=\"https:\/\/lesarchambaultdamerique.com\/en\/news\/father-yvon-archambault\/\" target=\"_self\" class=\"readmorebtn\">Read More<\/a>\r\n\t\t\t\t\t\t\t\t\t<\/div>\r\n\t\t\t<\/div>\r\n<\/div>\r\n<div class=\"wpnaw-news-grid wpnaw-news-inner-wrap wpnews-medium-4 wpnews-columns  wpnw-last\">\r\n\t<div class=\"wpnaw-news-grid-content \">\r\n\t\t\t\t\t<div class=\"wpnaw-news-image-bg\" style=\"\">\r\n\t\t\t\t<a href=\"https:\/\/lesarchambaultdamerique.com\/en\/news\/joseph-urgel-archambault\/\" target=\"_self\">\r\n\t\t\t\t\t<img decoding=\"async\" class=\"wpnaw-post-img\" src=\"https:\/\/lesarchambaultdamerique.com\/wp-content\/uploads\/2020\/12\/Joseph-Urgel-Archambault-Image.jpg\" alt=\"Joseph Urgel Archambault\" \/>\r\n\t\t\t\t<\/a>\r\n\t\t\t<\/div>\r\n\t\t\t\t\t<h2 class=\"wpnaw-news-title\">\r\n\t\t\t\t<a href=\"https:\/\/lesarchambaultdamerique.com\/en\/news\/joseph-urgel-archambault\/\" target=\"_self\">Joseph Urgel Archambault<\/a>\r\n\t\t\t<\/h2>\r\n\t\t\t\t\t<div class=\"wpnaw-news-content\">\r\n\t\t\t\t\t\t\t\t\t<div class=\"wpnaw-news-short-content\">Joseph Urgel Archambault (1872-1941) Physician and Mayor of Hull Note: We wish to thank the author of this text who...<\/div>\r\n\t\t\t\t\t\t\t\t\t\t\t\t\t<a href=\"https:\/\/lesarchambaultdamerique.com\/en\/news\/joseph-urgel-archambault\/\" target=\"_self\" class=\"readmorebtn\">Read More<\/a>\r\n\t\t\t\t\t\t\t\t\t<\/div>\r\n\t\t\t<\/div>\r\n<\/div>\r\n<div class=\"wpnaw-news-grid wpnaw-news-inner-wrap wpnews-medium-4 wpnews-columns  wpnw-first\">\r\n\t<div class=\"wpnaw-news-grid-content \">\r\n\t\t\t\t\t<div class=\"wpnaw-news-image-bg\" style=\"\">\r\n\t\t\t\t<a href=\"https:\/\/lesarchambaultdamerique.com\/en\/news\/me-adelard-archambault\/\" target=\"_self\">\r\n\t\t\t\t\t<img decoding=\"async\" class=\"wpnaw-post-img\" src=\"https:\/\/lesarchambaultdamerique.com\/wp-content\/uploads\/2020\/12\/Adelard-Francois-et-Delphine-Bouthillier-arbre-Image.jpg\" alt=\"Me Ad\u00e9lard Archambault\" \/>\r\n\t\t\t\t<\/a>\r\n\t\t\t<\/div>\r\n\t\t\t\t\t<h2 class=\"wpnaw-news-title\">\r\n\t\t\t\t<a href=\"https:\/\/lesarchambaultdamerique.com\/en\/news\/me-adelard-archambault\/\" target=\"_self\">Me Ad\u00e9lard Archambault<\/a>\r\n\t\t\t<\/h2>\r\n\t\t\t\t\t<div class=\"wpnaw-news-content\">\r\n\t\t\t\t\t\t\t\t\t<div class=\"wpnaw-news-short-content\">Me\u00a0Ad\u00e9lard Archambault Lawyer and politician Son of Fran\u00e7ois and Delphine Bouthillier, Ad\u00e9lard Archambault was born on April 24, 1860 in...<\/div>\r\n\t\t\t\t\t\t\t\t\t\t\t\t\t<a href=\"https:\/\/lesarchambaultdamerique.com\/en\/news\/me-adelard-archambault\/\" target=\"_self\" class=\"readmorebtn\">Read More<\/a>\r\n\t\t\t\t\t\t\t\t\t<\/div>\r\n\t\t\t<\/div>\r\n<\/div>\r\n<div class=\"wpnaw-news-grid wpnaw-news-inner-wrap wpnews-medium-4 wpnews-columns \">\r\n\t<div class=\"wpnaw-news-grid-content \">\r\n\t\t\t\t\t<div class=\"wpnaw-news-image-bg\" style=\"\">\r\n\t\t\t\t<a href=\"https:\/\/lesarchambaultdamerique.com\/en\/news\/sir-horace-archambeault-chief-justice-of-the-court-of-kings-bench\/\" target=\"_self\">\r\n\t\t\t\t\t<img decoding=\"async\" class=\"wpnaw-post-img\" src=\"https:\/\/lesarchambaultdamerique.com\/wp-content\/uploads\/2021\/07\/Sir-Horace-Archambeault-1854-1918.jpg\" alt=\"Sir Horace Archambeault, Chief Justice of the Court of King&#8217;s Bench\" \/>\r\n\t\t\t\t<\/a>\r\n\t\t\t<\/div>\r\n\t\t\t\t\t<h2 class=\"wpnaw-news-title\">\r\n\t\t\t\t<a href=\"https:\/\/lesarchambaultdamerique.com\/en\/news\/sir-horace-archambeault-chief-justice-of-the-court-of-kings-bench\/\" target=\"_self\">Sir Horace Archambeault, Chief Justice of the Court of King&#8217;s Bench<\/a>\r\n\t\t\t<\/h2>\r\n\t\t\t\t\t<div class=\"wpnaw-news-content\">\r\n\t\t\t\t\t\t\t\t\t<div class=\"wpnaw-news-short-content\">Sir Horace Archambeault, Chief Justice of the Court of King's Bench \"Horace Archambeault was born in L'Assomption, on March 6,...<\/div>\r\n\t\t\t\t\t\t\t\t\t\t\t\t\t<a href=\"https:\/\/lesarchambaultdamerique.com\/en\/news\/sir-horace-archambeault-chief-justice-of-the-court-of-kings-bench\/\" target=\"_self\" class=\"readmorebtn\">Read More<\/a>\r\n\t\t\t\t\t\t\t\t\t<\/div>\r\n\t\t\t<\/div>\r\n<\/div>\r\n<div class=\"wpnaw-news-grid wpnaw-news-inner-wrap wpnews-medium-4 wpnews-columns  wpnw-last\">\r\n\t<div class=\"wpnaw-news-grid-content \">\r\n\t\t\t\t\t<div class=\"wpnaw-news-image-bg\" style=\"\">\r\n\t\t\t\t<a href=\"https:\/\/lesarchambaultdamerique.com\/en\/news\/francois-archambault-church-builder\/\" target=\"_self\">\r\n\t\t\t\t\t<img decoding=\"async\" class=\"wpnaw-post-img\" src=\"https:\/\/lesarchambaultdamerique.com\/wp-content\/uploads\/2021\/02\/03Q_P551D2P33-1024x773.jpg\" alt=\"Fran\u00e7ois Archambault &#8211; Church builder\" \/>\r\n\t\t\t\t<\/a>\r\n\t\t\t<\/div>\r\n\t\t\t\t\t<h2 class=\"wpnaw-news-title\">\r\n\t\t\t\t<a href=\"https:\/\/lesarchambaultdamerique.com\/en\/news\/francois-archambault-church-builder\/\" target=\"_self\">Fran\u00e7ois Archambault &#8211; Church builder<\/a>\r\n\t\t\t<\/h2>\r\n\t\t\t\t\t<div class=\"wpnaw-news-content\">\r\n\t\t\t\t\t\t\t\t\t<div class=\"wpnaw-news-short-content\">House of Fran\u00e7ois Archambault The house of Fran\u00e7ois Archambault, church builder, Ange-Gardien Boulevard, L'Assomption. The illustration of the Archambault house,...<\/div>\r\n\t\t\t\t\t\t\t\t\t\t\t\t\t<a href=\"https:\/\/lesarchambaultdamerique.com\/en\/news\/francois-archambault-church-builder\/\" target=\"_self\" class=\"readmorebtn\">Read More<\/a>\r\n\t\t\t\t\t\t\t\t\t<\/div>\r\n\t\t\t<\/div>\r\n<\/div>\r\n<\/div><\/div>\n      <\/div>\n    <\/section>\n    \n    \n  \n","protected":false},"excerpt":{"rendered":"<p>biographies d&#8217;hier Les Archambault d&#8217;Am\u00e9rique, une association garante du pass\u00e9, tourn\u00e9e vers l&#8217;avenir !<\/p>\n","protected":false},"author":11,"featured_media":0,"parent":0,"menu_order":0,"comment_status":"closed","ping_status":"closed","template":"","meta":{"_exactmetrics_skip_tracking":false,"_exactmetrics_sitenote_active":false,"_exactmetrics_sitenote_note":"","_exactmetrics_sitenote_category":0,"_monsterinsights_skip_tracking":false,"_monsterinsights_sitenote_active":false,"_monsterinsights_sitenote_note":"","_monsterinsights_sitenote_category":0,"footnotes":""},"class_list":["post-2717","page","type-page","status-publish","hentry"],"aioseo_notices":[],"_links":{"self":[{"href":"https:\/\/lesarchambaultdamerique.com\/en\/wp-json\/wp\/v2\/pages\/2717","targetHints":{"allow":["GET"]}}],"collection":[{"href":"https:\/\/lesarchambaultdamerique.com\/en\/wp-json\/wp\/v2\/pages"}],"about":[{"href":"https:\/\/lesarchambaultdamerique.com\/en\/wp-json\/wp\/v2\/types\/page"}],"author":[{"embeddable":true,"href":"https:\/\/lesarchambaultdamerique.com\/en\/wp-json\/wp\/v2\/users\/11"}],"replies":[{"embeddable":true,"href":"https:\/\/lesarchambaultdamerique.com\/en\/wp-json\/wp\/v2\/comments?post=2717"}],"version-history":[{"count":5,"href":"https:\/\/lesarchambaultdamerique.com\/en\/wp-json\/wp\/v2\/pages\/2717\/revisions"}],"predecessor-version":[{"id":2756,"href":"https:\/\/lesarchambaultdamerique.com\/en\/wp-json\/wp\/v2\/pages\/2717\/revisions\/2756"}],"wp:attachment":[{"href":"https:\/\/lesarchambaultdamerique.com\/en\/wp-json\/wp\/v2\/media?parent=2717"}],"curies":[{"name":"wp","href":"https:\/\/api.w.org\/{rel}","templated":true}]}}